{"id":6055,"date":"2024-06-15T16:40:45","date_gmt":"2024-06-15T16:40:45","guid":{"rendered":"https:\/\/mediasoldev.wpenginepowered.com\/?page_id=6055"},"modified":"2025-09-25T18:13:11","modified_gmt":"2025-09-25T18:13:11","slug":"production-visuelle","status":"publish","type":"page","link":"https:\/\/mediasolution.ca\/fr\/production-visuelle\/","title":{"rendered":"Production visuelle"},"content":{"rendered":"<div id=\"cs-content\" class=\"cs-content\"><div class=\"x-section e6055-e1 m4o7-0 m4o7-1 m4o7-2\"><div class=\"x-div e6055-e2 m4o7-7\"><div class=\"x-bg\" aria-hidden=\"true\"><div class=\"x-bg-layer-lower-image\"><\/div><div class=\"x-bg-layer-upper-color\"><\/div><\/div><hr class=\"x-line e6055-e3-v0 m4o7-8 m4o7-9\"\/><div class=\"x-text x-text-headline e6055-e4 m4o7-e m4o7-f m4o7-g m4o7-h m4o7-i\"><div class=\"x-text-content\"><div class=\"x-text-content-text\"><h1 class=\"x-text-content-text-primary\">\u00c9levez votre marque avec des services professionnels de <span class=\"rectangle\">production visuelle<\/span><\/h1>\n<\/div><\/div><\/div><hr class=\"x-line e6055-e5 m4o7-9 m4o7-a\"\/><div class=\"x-text x-text-headline e6055-e6 m4o7-f m4o7-h m4o7-i m4o7-j\"><div class=\"x-text-content\"><div class=\"x-text-content-text\"><span class=\"x-text-content-text-primary\">Images et vid\u00e9os de qualit\u00e9 sup\u00e9rieure pour restaurants, e-commerce et projets cr\u00e9atifs dans le Grand Montr\u00e9al.<\/span>\n<\/div><\/div><\/div><hr class=\"x-line e6055-e7 m4o7-9 m4o7-a\"\/><a class=\"x-anchor x-anchor-button e6055-e8 m4o7-m m4o7-6\" tabindex=\"0\" href=\"\/fr\/production-visuelle#book\"><div class=\"x-anchor-content\"><div class=\"x-anchor-text\"><span class=\"x-anchor-text-primary\">R\u00e9server une consultation gratuite<\/span><\/div><\/div><\/a><\/div><\/div><div class=\"x-section e6055-e9 m4o7-0 m4o7-2 m4o7-3 m4o7-4\"><div class=\"x-row x-container max width e6055-e10 m4o7-n m4o7-o m4o7-p m4o7-s m4o7-t\"><div class=\"x-row-inner\"><div class=\"x-col e6055-e11 m4o7-y m4o7-z\"><div class=\"x-text x-text-headline e6055-e12 m4o7-f m4o7-g m4o7-k m4o7-l\"><div class=\"x-text-content\"><div class=\"x-text-content-text\"><h2 class=\"x-text-content-text-primary\">Donner vie \u00e0 votre <span class=\"rectangle\">vision<\/span><\/h2>\n<\/div><\/div><\/div><hr class=\"x-line e6055-e13 m4o7-9 m4o7-b\"\/><div class=\"x-text x-content e6055-e14 m4o7-10\"><div class=\"elementor-element elementor-element-01f6899 elementor-widget elementor-widget-text-editor\" data-id=\"01f6899\" data-element_type=\"widget\" data-widget_type=\"text-editor.default\">\n<div class=\"elementor-widget-container\">\n<div class=\"flex flex-grow flex-col max-w-full\">\n<div class=\"min-h-[20px] text-message flex flex-col items-start whitespace-pre-wrap break-words [.text-message+&amp;]:mt-5 juice:w-full juice:items-end overflow-x-auto gap-2\" dir=\"auto\" data-message-author-role=\"assistant\" data-message-id=\"943d89b8-623f-44b1-a84f-26896d2c4d14\">\n<div class=\"flex w-full flex-col gap-1 juice:empty:hidden juice:first:pt-[3px]\">\n<div class=\"markdown prose w-full break-words dark:prose-invert light\">\n<p><span>Nos services de production visuelle offrent une photographie et vid\u00e9ographie de haute qualit\u00e9 pour la restauration, le commerce \u00e9lectronique et divers projets cr\u00e9atifs. Nous capturons l'essence de votre vision avec pr\u00e9cision et cr\u00e9ativit\u00e9.<\/span><\/p>\n\n<\/div>\n<\/div>\n<\/div>\n<\/div>\n<\/div>\n<\/div><\/div><\/div><div class=\"x-col e6055-e15 m4o7-z\"><span class=\"x-image e6055-e16 m4o7-11 m4o7-12 m4o7-13\"><img decoding=\"async\" src=\"https:\/\/mediasolution.ca\/wp-content\/uploads\/2024\/06\/Production-Visual-Chair-plants.webp\" width=\"320\" height=\"480\" alt=\"Image\" loading=\"lazy\"><\/span><\/div><\/div><\/div><hr class=\"x-line e6055-e17 m4o7-9 m4o7-c\"\/><div class=\"x-row x-container max width e6055-e18 m4o7-n m4o7-p m4o7-q m4o7-s m4o7-u\"><div class=\"x-row-inner\"><div class=\"x-col e6055-e19 m4o7-y m4o7-z\"><div class=\"x-text x-text-headline e6055-e20 m4o7-f m4o7-g m4o7-k m4o7-l\"><div class=\"x-text-content\"><div class=\"x-text-content-text\"><h2 class=\"x-text-content-text-primary\">Photo et <span class=\"rectangle\">vid\u00e9o<\/span><\/h2>\n<\/div><\/div><\/div><hr class=\"x-line e6055-e21 m4o7-9 m4o7-b\"\/><div class=\"x-text x-content e6055-e22 m4o7-10\"><div class=\"elementor-element elementor-element-01f6899 elementor-widget elementor-widget-text-editor\" data-id=\"01f6899\" data-element_type=\"widget\" data-widget_type=\"text-editor.default\">\n<div class=\"elementor-widget-container\">\n<div class=\"flex flex-grow flex-col max-w-full\">\n<div class=\"min-h-[20px] text-message flex flex-col items-start whitespace-pre-wrap break-words [.text-message+&amp;]:mt-5 juice:w-full juice:items-end overflow-x-auto gap-2\" dir=\"auto\" data-message-author-role=\"assistant\" data-message-id=\"943d89b8-623f-44b1-a84f-26896d2c4d14\">\n<div class=\"flex w-full flex-col gap-1 juice:empty:hidden juice:first:pt-[3px]\">\n<div class=\"markdown prose w-full break-words dark:prose-invert light\">\n<p><span>Services professionnels de photographie et de vid\u00e9o pour les restaurants, le commerce \u00e9lectronique et plus encore. Notre \u00e9quipe s'assure que chaque prise est parfaite et transmet le bon message.<\/span><\/p>\n\n<\/div>\n<\/div>\n<\/div>\n<\/div>\n<\/div>\n<\/div><\/div><hr class=\"x-line e6055-e23 m4o7-9 m4o7-b\"\/><a class=\"x-anchor x-anchor-button e6055-e24 m4o7-m m4o7-6\" tabindex=\"0\" href=\"\/fr\/production-visuelle#book\"><div class=\"x-anchor-content\"><div class=\"x-anchor-text\"><span class=\"x-anchor-text-primary\">Prendre un rendez-vous<\/span><\/div><\/div><\/a><\/div><div class=\"x-col e6055-e25 m4o7-z\"><span class=\"x-image e6055-e26 m4o7-11 m4o7-13\"><img decoding=\"async\" src=\"https:\/\/mediasolution.ca\/wp-content\/uploads\/2024\/06\/Production-Visual-Studio.webp\" width=\"853\" height=\"1280\" alt=\"Image\" loading=\"lazy\"><\/span><\/div><\/div><\/div><hr class=\"x-line e6055-e27 m4o7-9 m4o7-d\"\/><div class=\"x-row x-container max width e6055-e28 m4o7-n m4o7-o m4o7-p m4o7-s m4o7-v\"><div class=\"x-row-inner\"><div class=\"x-col e6055-e29 m4o7-z\"><div class=\"x-text x-text-headline e6055-e30 m4o7-f m4o7-g m4o7-h m4o7-k m4o7-l\"><div class=\"x-text-content\"><div class=\"x-text-content-text\"><h2 class=\"x-text-content-text-primary\">Projets <span class=\"rectangle\">r\u00e9cents<\/span><\/h2>\n<\/div><\/div><\/div><hr class=\"x-line e6055-e31 m4o7-9 m4o7-a\"\/><\/div><\/div><\/div><div class=\"x-grid e6055-e32 m4o7-14\"><div class=\"x-cell e6055-e33 m4o7-15\"><span class=\"x-image e6055-e34 m4o7-11 m4o7-12\"><img decoding=\"async\" src=\"https:\/\/mediasolution.ca\/wp-content\/uploads\/2024\/06\/gallery2.webp\" width=\"340\" height=\"225\" alt=\"Image\" loading=\"lazy\"><\/span><span class=\"x-image e6055-e35 m4o7-11 m4o7-12\"><img decoding=\"async\" src=\"https:\/\/mediasolution.ca\/wp-content\/uploads\/2024\/06\/gallery9.webp\" width=\"540\" height=\"540\" alt=\"Image\" loading=\"lazy\"><\/span><span class=\"x-image e6055-e36 m4o7-11 m4o7-12\"><img decoding=\"async\" src=\"https:\/\/mediasolution.ca\/wp-content\/uploads\/2024\/06\/gallery10.webp\" width=\"853\" height=\"1280\" alt=\"Image\" loading=\"lazy\"><\/span><\/div><div class=\"x-cell e6055-e37 m4o7-15\"><span class=\"x-image e6055-e38 m4o7-11 m4o7-12\"><img decoding=\"async\" src=\"https:\/\/mediasolution.ca\/wp-content\/uploads\/2024\/06\/gallery4.webp\" width=\"960\" height=\"960\" alt=\"Image\" loading=\"lazy\"><\/span><span class=\"x-image e6055-e39 m4o7-11 m4o7-12\"><img decoding=\"async\" src=\"https:\/\/mediasolution.ca\/wp-content\/uploads\/2024\/06\/gallery6.webp\" width=\"853\" height=\"1280\" alt=\"Image\" loading=\"lazy\"><\/span><\/div><div class=\"x-cell e6055-e40 m4o7-15\"><span class=\"x-image e6055-e41 m4o7-11 m4o7-12\"><img decoding=\"async\" src=\"https:\/\/mediasolution.ca\/wp-content\/uploads\/2024\/06\/gallery1.webp\" width=\"853\" height=\"1280\" alt=\"Image\" loading=\"lazy\"><\/span><span class=\"x-image e6055-e42 m4o7-11 m4o7-12\"><img decoding=\"async\" src=\"https:\/\/mediasolution.ca\/wp-content\/uploads\/2024\/06\/gallery3.webp\" width=\"1280\" height=\"853\" alt=\"Image\" loading=\"lazy\"><\/span><span class=\"x-image e6055-e43 m4o7-11 m4o7-12\"><img decoding=\"async\" src=\"https:\/\/mediasolution.ca\/wp-content\/uploads\/2024\/06\/gallery11.webp\" width=\"1280\" height=\"853\" alt=\"Image\" loading=\"lazy\"><\/span><\/div><div class=\"x-cell e6055-e44 m4o7-15\"><span class=\"x-image e6055-e45 m4o7-11 m4o7-12\"><img decoding=\"async\" src=\"https:\/\/mediasolution.ca\/wp-content\/uploads\/2024\/06\/gallery5.webp\" width=\"702\" height=\"1024\" alt=\"Image\" loading=\"lazy\"><\/span><span class=\"x-image e6055-e46 m4o7-11 m4o7-12\"><img decoding=\"async\" src=\"https:\/\/mediasolution.ca\/wp-content\/uploads\/2024\/06\/gallery8.webp\" width=\"1280\" height=\"821\" alt=\"Image\" loading=\"lazy\"><\/span><span class=\"x-image e6055-e47 m4o7-11 m4o7-12\"><img decoding=\"async\" src=\"https:\/\/mediasolution.ca\/wp-content\/uploads\/2024\/06\/gallery7.webp\" width=\"320\" height=\"480\" alt=\"Image\" loading=\"lazy\"><\/span><\/div><\/div><\/div><div class=\"x-section e6055-e48 m4o7-0 m4o7-3 m4o7-5\" id=\"book\"><div class=\"x-row x-container max width e6055-e49 m4o7-n m4o7-p m4o7-q m4o7-s m4o7-w\"><div class=\"x-row-inner\"><div class=\"x-col e6055-e50 m4o7-z\"><div class=\"x-text x-text-headline e6055-e51 m4o7-f m4o7-g m4o7-h m4o7-i m4o7-k\"><div class=\"x-text-content\"><div class=\"x-text-content-text\"><h2 class=\"x-text-content-text-primary\">R\u00e9servez une consultation <span class=\"rectangle\">gratuite<\/span><\/h2>\n<\/div><\/div><\/div><\/div><\/div><\/div><hr class=\"x-line e6055-e52 m4o7-9 m4o7-a\"\/><div class=\"x-row x-container max width e6055-e53 m4o7-n m4o7-q m4o7-r m4o7-x\"><div class=\"x-row-inner\"><div class=\"x-col e6055-e54 m4o7-z\"><!-- D\u00e9but de widget en ligne Calendly -->\n<div class=\"calendly-inline-widget\" data-url=\"https:\/\/calendly.com\/mediasolution514\/consultation-generale?hide_gdpr_banner=1\" style=\"min-width:320px;height:700px;\"><\/div>\n<script type=\"text\/javascript\" src=\"https:\/\/assets.calendly.com\/assets\/external\/widget.js\" async><\/script>\n<!-- Fin de widget en ligne Calendly --><\/div><\/div><\/div><\/div><\/div>","protected":false},"excerpt":{"rendered":"<p>\u00c9levez votre marque avec des services professionnels de production visuelle Images et vid\u00e9os de qualit\u00e9 sup\u00e9rieure pour restaurants, e-commerce et projets cr\u00e9atifs dans le Grand Montr\u00e9al. R\u00e9server une consultation gratuiteDonner vie \u00e0 votre vision Nos services de production visuelle offrent une photographie et vid\u00e9ographie de haute qualit\u00e9 pour la restauration, le commerce \u00e9lectronique et divers projets cr\u00e9atifs. Nous capturons l&rsquo;essence &#8230; <\/p>\n<div><a href=\"https:\/\/mediasolution.ca\/fr\/production-visuelle\/\" class=\"more-link\">Read More<\/a><\/div>\n","protected":false},"author":7,"featured_media":0,"parent":0,"menu_order":0,"comment_status":"closed","ping_status":"closed","template":"template-blank-4.php","meta":{"_acf_changed":true,"footnotes":""},"class_list":["post-6055","page","type-page","status-publish","hentry","no-post-thumbnail"],"acf":[],"yoast_head":"<!-- This site is optimized with the Yoast SEO Premium plugin v27.2 (Yoast SEO v27.2) - https:\/\/yoast.com\/product\/yoast-seo-premium-wordpress\/ -->\n<title>Production visuelle &#8212; Media Solution<\/title>\n<meta name=\"robots\" content=\"index, follow, max-snippet:-1, max-image-preview:large, max-video-preview:-1\" \/>\n<link rel=\"canonical\" href=\"https:\/\/mediasolution.ca\/fr\/production-visuelle\/\" \/>\n<meta property=\"og:locale\" content=\"fr_CA\" \/>\n<meta property=\"og:type\" content=\"article\" \/>\n<meta property=\"og:title\" content=\"Production visuelle\" \/>\n<meta property=\"og:description\" content=\"\u00c9levez votre marque avec des services professionnels de production visuelle Images et vid\u00e9os de qualit\u00e9 sup\u00e9rieure pour restaurants, e-commerce et projets cr\u00e9atifs dans le Grand Montr\u00e9al. R\u00e9server une consultation gratuiteDonner vie \u00e0 votre vision Nos services de production visuelle offrent une photographie et vid\u00e9ographie de haute qualit\u00e9 pour la restauration, le commerce \u00e9lectronique et divers projets cr\u00e9atifs. Nous capturons l&#039;essence ... Read More\" \/>\n<meta property=\"og:url\" content=\"https:\/\/mediasolution.ca\/fr\/production-visuelle\/\" \/>\n<meta property=\"og:site_name\" content=\"Media Solution\" \/>\n<meta property=\"article:publisher\" content=\"https:\/\/www.facebook.com\/people\/Media-Solution\/61551895793863\/\" \/>\n<meta property=\"article:modified_time\" content=\"2025-09-25T18:13:11+00:00\" \/>\n<meta property=\"og:image\" content=\"https:\/\/mediasolution.ca\/wp-content\/uploads\/2024\/06\/Production-Visual-Chair-plants.webp\" \/>\n<meta name=\"twitter:card\" content=\"summary_large_image\" \/>\n<meta name=\"twitter:label1\" content=\"Estimation du temps de lecture\" \/>\n\t<meta name=\"twitter:data1\" content=\"6 minutes\" \/>\n<script type=\"application\/ld+json\" class=\"yoast-schema-graph\">{\"@context\":\"https:\/\/schema.org\",\"@graph\":[{\"@type\":\"WebPage\",\"@id\":\"https:\/\/mediasolution.ca\/fr\/production-visuelle\/\",\"url\":\"https:\/\/mediasolution.ca\/fr\/production-visuelle\/\",\"name\":\"Production visuelle &#8212; Media Solution\",\"isPartOf\":{\"@id\":\"https:\/\/mediasolution.ca\/fr\/en\/#website\"},\"primaryImageOfPage\":{\"@id\":\"https:\/\/mediasolution.ca\/fr\/production-visuelle\/#primaryimage\"},\"image\":{\"@id\":\"https:\/\/mediasolution.ca\/fr\/production-visuelle\/#primaryimage\"},\"thumbnailUrl\":\"https:\/\/mediasolution.ca\/wp-content\/uploads\/2024\/06\/Production-Visual-Chair-plants.webp\",\"datePublished\":\"2024-06-15T16:40:45+00:00\",\"dateModified\":\"2025-09-25T18:13:11+00:00\",\"breadcrumb\":{\"@id\":\"https:\/\/mediasolution.ca\/fr\/production-visuelle\/#breadcrumb\"},\"inLanguage\":\"fr-CA\",\"potentialAction\":[{\"@type\":\"ReadAction\",\"target\":[\"https:\/\/mediasolution.ca\/fr\/production-visuelle\/\"]}]},{\"@type\":\"ImageObject\",\"inLanguage\":\"fr-CA\",\"@id\":\"https:\/\/mediasolution.ca\/fr\/production-visuelle\/#primaryimage\",\"url\":\"https:\/\/mediasolution.ca\/wp-content\/uploads\/2024\/06\/Production-Visual-Chair-plants.webp\",\"contentUrl\":\"https:\/\/mediasolution.ca\/wp-content\/uploads\/2024\/06\/Production-Visual-Chair-plants.webp\"},{\"@type\":\"BreadcrumbList\",\"@id\":\"https:\/\/mediasolution.ca\/fr\/production-visuelle\/#breadcrumb\",\"itemListElement\":[{\"@type\":\"ListItem\",\"position\":1,\"name\":\"Home\",\"item\":\"https:\/\/mediasolution.ca\/fr\/accueil\/\"},{\"@type\":\"ListItem\",\"position\":2,\"name\":\"Production visuelle\"}]},{\"@type\":\"WebSite\",\"@id\":\"https:\/\/mediasolution.ca\/fr\/en\/#website\",\"url\":\"https:\/\/mediasolution.ca\/fr\/en\/\",\"name\":\"Media Solution\",\"description\":\"Real Estate Photography | Montreal and Laval\",\"publisher\":{\"@id\":\"https:\/\/mediasolution.ca\/fr\/en\/#organization\"},\"potentialAction\":[{\"@type\":\"SearchAction\",\"target\":{\"@type\":\"EntryPoint\",\"urlTemplate\":\"https:\/\/mediasolution.ca\/fr\/en\/?s={search_term_string}\"},\"query-input\":{\"@type\":\"PropertyValueSpecification\",\"valueRequired\":true,\"valueName\":\"search_term_string\"}}],\"inLanguage\":\"fr-CA\"},{\"@type\":\"Organization\",\"@id\":\"https:\/\/mediasolution.ca\/fr\/en\/#organization\",\"name\":\"Media Solution\",\"url\":\"https:\/\/mediasolution.ca\/fr\/en\/\",\"logo\":{\"@type\":\"ImageObject\",\"inLanguage\":\"fr-CA\",\"@id\":\"https:\/\/mediasolution.ca\/fr\/en\/#\/schema\/logo\/image\/\",\"url\":\"https:\/\/mediasolution.ca\/wp-content\/uploads\/2024\/12\/mediasolution-logo.png\",\"contentUrl\":\"https:\/\/mediasolution.ca\/wp-content\/uploads\/2024\/12\/mediasolution-logo.png\",\"width\":800,\"height\":228,\"caption\":\"Media Solution\"},\"image\":{\"@id\":\"https:\/\/mediasolution.ca\/fr\/en\/#\/schema\/logo\/image\/\"},\"sameAs\":[\"https:\/\/www.facebook.com\/people\/Media-Solution\/61551895793863\/\",\"https:\/\/instagram.com\/mediasolution.ca\"],\"email\":\"info@mediasolution.ca\",\"telephone\":\"514-839-2473\",\"legalName\":\"MediaSolution\"}]}<\/script>\n<!-- \/ Yoast SEO Premium plugin. -->","yoast_head_json":{"title":"Production visuelle &#8212; Media Solution","robots":{"index":"index","follow":"follow","max-snippet":"max-snippet:-1","max-image-preview":"max-image-preview:large","max-video-preview":"max-video-preview:-1"},"canonical":"https:\/\/mediasolution.ca\/fr\/production-visuelle\/","og_locale":"fr_CA","og_type":"article","og_title":"Production visuelle","og_description":"\u00c9levez votre marque avec des services professionnels de production visuelle Images et vid\u00e9os de qualit\u00e9 sup\u00e9rieure pour restaurants, e-commerce et projets cr\u00e9atifs dans le Grand Montr\u00e9al. R\u00e9server une consultation gratuiteDonner vie \u00e0 votre vision Nos services de production visuelle offrent une photographie et vid\u00e9ographie de haute qualit\u00e9 pour la restauration, le commerce \u00e9lectronique et divers projets cr\u00e9atifs. Nous capturons l'essence ... Read More","og_url":"https:\/\/mediasolution.ca\/fr\/production-visuelle\/","og_site_name":"Media Solution","article_publisher":"https:\/\/www.facebook.com\/people\/Media-Solution\/61551895793863\/","article_modified_time":"2025-09-25T18:13:11+00:00","og_image":[{"url":"https:\/\/mediasolution.ca\/wp-content\/uploads\/2024\/06\/Production-Visual-Chair-plants.webp","type":"","width":"","height":""}],"twitter_card":"summary_large_image","twitter_misc":{"Estimation du temps de lecture":"6 minutes"},"schema":{"@context":"https:\/\/schema.org","@graph":[{"@type":"WebPage","@id":"https:\/\/mediasolution.ca\/fr\/production-visuelle\/","url":"https:\/\/mediasolution.ca\/fr\/production-visuelle\/","name":"Production visuelle &#8212; Media Solution","isPartOf":{"@id":"https:\/\/mediasolution.ca\/fr\/en\/#website"},"primaryImageOfPage":{"@id":"https:\/\/mediasolution.ca\/fr\/production-visuelle\/#primaryimage"},"image":{"@id":"https:\/\/mediasolution.ca\/fr\/production-visuelle\/#primaryimage"},"thumbnailUrl":"https:\/\/mediasolution.ca\/wp-content\/uploads\/2024\/06\/Production-Visual-Chair-plants.webp","datePublished":"2024-06-15T16:40:45+00:00","dateModified":"2025-09-25T18:13:11+00:00","breadcrumb":{"@id":"https:\/\/mediasolution.ca\/fr\/production-visuelle\/#breadcrumb"},"inLanguage":"fr-CA","potentialAction":[{"@type":"ReadAction","target":["https:\/\/mediasolution.ca\/fr\/production-visuelle\/"]}]},{"@type":"ImageObject","inLanguage":"fr-CA","@id":"https:\/\/mediasolution.ca\/fr\/production-visuelle\/#primaryimage","url":"https:\/\/mediasolution.ca\/wp-content\/uploads\/2024\/06\/Production-Visual-Chair-plants.webp","contentUrl":"https:\/\/mediasolution.ca\/wp-content\/uploads\/2024\/06\/Production-Visual-Chair-plants.webp"},{"@type":"BreadcrumbList","@id":"https:\/\/mediasolution.ca\/fr\/production-visuelle\/#breadcrumb","itemListElement":[{"@type":"ListItem","position":1,"name":"Home","item":"https:\/\/mediasolution.ca\/fr\/accueil\/"},{"@type":"ListItem","position":2,"name":"Production visuelle"}]},{"@type":"WebSite","@id":"https:\/\/mediasolution.ca\/fr\/en\/#website","url":"https:\/\/mediasolution.ca\/fr\/en\/","name":"Media Solution","description":"Real Estate Photography | Montreal and Laval","publisher":{"@id":"https:\/\/mediasolution.ca\/fr\/en\/#organization"},"potentialAction":[{"@type":"SearchAction","target":{"@type":"EntryPoint","urlTemplate":"https:\/\/mediasolution.ca\/fr\/en\/?s={search_term_string}"},"query-input":{"@type":"PropertyValueSpecification","valueRequired":true,"valueName":"search_term_string"}}],"inLanguage":"fr-CA"},{"@type":"Organization","@id":"https:\/\/mediasolution.ca\/fr\/en\/#organization","name":"Media Solution","url":"https:\/\/mediasolution.ca\/fr\/en\/","logo":{"@type":"ImageObject","inLanguage":"fr-CA","@id":"https:\/\/mediasolution.ca\/fr\/en\/#\/schema\/logo\/image\/","url":"https:\/\/mediasolution.ca\/wp-content\/uploads\/2024\/12\/mediasolution-logo.png","contentUrl":"https:\/\/mediasolution.ca\/wp-content\/uploads\/2024\/12\/mediasolution-logo.png","width":800,"height":228,"caption":"Media Solution"},"image":{"@id":"https:\/\/mediasolution.ca\/fr\/en\/#\/schema\/logo\/image\/"},"sameAs":["https:\/\/www.facebook.com\/people\/Media-Solution\/61551895793863\/","https:\/\/instagram.com\/mediasolution.ca"],"email":"info@mediasolution.ca","telephone":"514-839-2473","legalName":"MediaSolution"}]}},"jetpack_sharing_enabled":true,"_links":{"self":[{"href":"https:\/\/mediasolution.ca\/fr\/wp-json\/wp\/v2\/pages\/6055","targetHints":{"allow":["GET"]}}],"collection":[{"href":"https:\/\/mediasolution.ca\/fr\/wp-json\/wp\/v2\/pages"}],"about":[{"href":"https:\/\/mediasolution.ca\/fr\/wp-json\/wp\/v2\/types\/page"}],"author":[{"embeddable":true,"href":"https:\/\/mediasolution.ca\/fr\/wp-json\/wp\/v2\/users\/7"}],"replies":[{"embeddable":true,"href":"https:\/\/mediasolution.ca\/fr\/wp-json\/wp\/v2\/comments?post=6055"}],"version-history":[{"count":0,"href":"https:\/\/mediasolution.ca\/fr\/wp-json\/wp\/v2\/pages\/6055\/revisions"}],"wp:attachment":[{"href":"https:\/\/mediasolution.ca\/fr\/wp-json\/wp\/v2\/media?parent=6055"}],"curies":[{"name":"wp","href":"https:\/\/api.w.org\/{rel}","templated":true}]}}