{"id":6173,"date":"2024-06-22T23:09:21","date_gmt":"2024-06-22T23:09:21","guid":{"rendered":"https:\/\/mediasoldev.wpenginepowered.com\/book-an-appointment-fr\/"},"modified":"2025-09-25T18:10:43","modified_gmt":"2025-09-25T18:10:43","slug":"consultation-gratuite","status":"publish","type":"page","link":"https:\/\/mediasolution.ca\/fr\/consultation-gratuite\/","title":{"rendered":"Consultation gratuite"},"content":{"rendered":"<div id=\"cs-content\" class=\"cs-content\"><div class=\"x-section e6173-e1 m4rh-0 m4rh-1\"><div class=\"x-div e6173-e2 m4rh-3 m4rh-4 m4rh-5\"><div class=\"x-bg\" aria-hidden=\"true\"><div class=\"x-bg-layer-lower-image\"><\/div><div class=\"x-bg-layer-upper-color\"><\/div><\/div><hr class=\"x-line e6173-e3-v0 m4rh-9 m4rh-a\"\/><div class=\"x-text x-text-headline e6173-e4 m4rh-d m4rh-e m4rh-f\"><div class=\"x-text-content\"><div class=\"x-text-content-text\"><h1 class=\"x-text-content-text-primary\">Prenez un rendez-vous afin de planifier <span class=\"rectangle\">votre<\/span> session photo<\/h1>\n<\/div><\/div><\/div><hr class=\"x-line e6173-e5 m4rh-a m4rh-b\"\/><div class=\"x-row e6173-e6 m4rh-j m4rh-k m4rh-m\"><div class=\"x-row-inner\"><div class=\"x-col e6173-e7 m4rh-o\"><!-- D\u00e9but de widget en ligne Calendly -->\n<div class=\"calendly-inline-widget\" data-url=\"https:\/\/calendly.com\/mediasolution514\/consultation-generale?hide_gdpr_banner=1\" style=\"min-width:320px;height:700px;\"><\/div>\n<script type=\"text\/javascript\" src=\"https:\/\/assets.calendly.com\/assets\/external\/widget.js\" async><\/script>\n<!-- Fin de widget en ligne Calendly --><\/div><\/div><\/div><\/div><\/div><div class=\"x-section e6173-e9 m4rh-0 m4rh-2\"><div class=\"x-row x-container max width e6173-e10 m4rh-j m4rh-l m4rh-n\"><div class=\"x-row-inner\"><div class=\"x-col e6173-e11 m4rh-o\"><div class=\"x-text x-text-headline e6173-e12 m4rh-e m4rh-f m4rh-g m4rh-h\"><div class=\"x-text-content\"><div class=\"x-text-content-text\"><h2 class=\"x-text-content-text-primary\">Contactez-nous<\/h2>\n<\/div><\/div><\/div><hr class=\"x-line e6173-e13 m4rh-a m4rh-c\"\/><div class=\"x-text x-content e6173-e14 m4rh-p\"><span>Nos experts sont pr\u00eats \u00e0 discuter de vos besoins et \u00e0 adapter nos services pour vous offrir la meilleure exp\u00e9rience visuelle possible.<\/span><\/div><hr class=\"x-line e6173-e15 m4rh-a m4rh-b\"\/><div class=\"x-div e6173-e16 m4rh-3 m4rh-4 m4rh-6 m4rh-7\"><div class=\"x-text x-text-headline e6173-e17 m4rh-e m4rh-h m4rh-i\"><div class=\"x-text-content\"><div class=\"x-text-content-text\"><p class=\"x-text-content-text-primary\">Coordonn\u00e9es<\/p>\n<span class=\"x-text-content-text-subheadline\">(514) 839-2473<br>\ninfo@mediasolution.ca<\/span><\/div><\/div><\/div><div class=\"x-text x-text-headline e6173-e18 m4rh-e m4rh-h m4rh-i\"><div class=\"x-text-content\"><div class=\"x-text-content-text\"><p class=\"x-text-content-text-primary\">Adresse<\/p>\n<span class=\"x-text-content-text-subheadline\">38 Rue Notre Dame O Suite 201<br>\nMontr\u00e9al, QC H2Y 1S6<\/span><\/div><\/div><\/div><div class=\"x-text x-text-headline e6173-e19 m4rh-e m4rh-h m4rh-i\"><div class=\"x-text-content\"><div class=\"x-text-content-text\"><p class=\"x-text-content-text-primary\">Horaire<\/p>\n<span class=\"x-text-content-text-subheadline\">Lundi-Vendredi 9h - 17h<br>\nSamedi-Dimanche 10h - 18h<\/span><\/div><\/div><\/div><div class=\"x-div e6173-e20 m4rh-3 m4rh-6 m4rh-8\"><a class=\"x-anchor x-anchor-button has-graphic e6173-e21 m4rh-q\" tabindex=\"0\" href=\"https:\/\/www.instagram.com\/mediasolution.montreal\/\" target=\"_blank\" rel=\"noopener noreferrer\"><div class=\"x-anchor-content\"><span class=\"x-graphic\" aria-hidden=\"true\"><i class=\"x-icon x-graphic-child x-graphic-icon x-graphic-primary\" aria-hidden=\"true\" data-x-icon-b=\"&#xf09a;\"><\/i><\/span><\/div><\/a><a class=\"x-anchor x-anchor-button has-graphic e6173-e22 m4rh-q\" tabindex=\"0\" href=\"https:\/\/www.instagram.com\/mediasolution.ca\/\" target=\"_blank\" rel=\"noopener noreferrer\"><div class=\"x-anchor-content\"><span class=\"x-graphic\" aria-hidden=\"true\"><i class=\"x-icon x-graphic-child x-graphic-icon x-graphic-primary\" aria-hidden=\"true\" data-x-icon-b=\"&#xf16d;\"><\/i><\/span><\/div><\/a><\/div><\/div><\/div><div class=\"x-col e6173-e23 m4rh-o\"><div class=\"x-frame x-frame-map-embed e6173-e24 m4rh-r\"><div class=\"x-frame-inner\"><div class=\"x-map x-map-embed\"><iframe src=\"https:\/\/www.google.com\/maps\/embed?pb=!1m14!1m8!1m3!1d2796.2199884746306!2d-73.555949!3d45.50565000000001!3m2!1i1024!2i768!4f13.1!3m3!1m2!1s0x4cc91a573b8d972b%3A0xb5cc1cd109ae25f7!2s38%20Notre-Dame%20St%20W%2C%20Montreal%2C%20QC%20H2Y%201S6%2C%20Canada!5e0!3m2!1sen!2sfr!4v1757997751627!5m2!1sen!2sfr\" width=\"600\" height=\"450\" style=\"border:0;\" allowfullscreen=\"\" loading=\"lazy\" referrerpolicy=\"no-referrer-when-downgrade\"><\/iframe><\/div><\/div><\/div><\/div><\/div><\/div><\/div><\/div>","protected":false},"excerpt":{"rendered":"<p>Prenez un rendez-vous afin de planifier votre session photo Contactez-nous Nos experts sont pr\u00eats \u00e0 discuter de vos besoins et \u00e0 adapter nos services pour vous offrir la meilleure exp\u00e9rience visuelle possible.Coordonn\u00e9es (514) 839-2473 info@mediasolution.caAdresse 38 Rue Notre Dame O Suite 201 Montr\u00e9al, QC H2Y 1S6Horaire Lundi-Vendredi 9h &#8211; 17h Samedi-Dimanche 10h &#8211; 18h<\/p>\n","protected":false},"author":7,"featured_media":0,"parent":0,"menu_order":0,"comment_status":"closed","ping_status":"closed","template":"template-blank-4.php","meta":{"_acf_changed":false,"footnotes":""},"class_list":["post-6173","page","type-page","status-publish","hentry","no-post-thumbnail"],"acf":[],"yoast_head":"<!-- This site is optimized with the Yoast SEO Premium plugin v27.2 (Yoast SEO v27.2) - https:\/\/yoast.com\/product\/yoast-seo-premium-wordpress\/ -->\n<title>Consultation gratuite &#8212; Media Solution<\/title>\n<meta name=\"robots\" content=\"index, follow, max-snippet:-1, max-image-preview:large, max-video-preview:-1\" \/>\n<link rel=\"canonical\" href=\"https:\/\/mediasolution.ca\/fr\/consultation-gratuite\/\" \/>\n<meta property=\"og:locale\" content=\"fr_CA\" \/>\n<meta property=\"og:type\" content=\"article\" \/>\n<meta property=\"og:title\" content=\"Consultation gratuite\" \/>\n<meta property=\"og:description\" content=\"Prenez un rendez-vous afin de planifier votre session photo Contactez-nous Nos experts sont pr\u00eats \u00e0 discuter de vos besoins et \u00e0 adapter nos services pour vous offrir la meilleure exp\u00e9rience visuelle possible.Coordonn\u00e9es (514) 839-2473 info@mediasolution.caAdresse 38 Rue Notre Dame O Suite 201 Montr\u00e9al, QC H2Y 1S6Horaire Lundi-Vendredi 9h - 17h Samedi-Dimanche 10h - 18h\" \/>\n<meta property=\"og:url\" content=\"https:\/\/mediasolution.ca\/fr\/consultation-gratuite\/\" \/>\n<meta property=\"og:site_name\" content=\"Media Solution\" \/>\n<meta property=\"article:publisher\" content=\"https:\/\/www.facebook.com\/people\/Media-Solution\/61551895793863\/\" \/>\n<meta property=\"article:modified_time\" content=\"2025-09-25T18:10:43+00:00\" \/>\n<meta property=\"og:image\" content=\"https:\/\/mediasolution.ca\/wp-content\/uploads\/2024\/12\/mediasolution-site-image.jpg\" \/>\n\t<meta property=\"og:image:width\" content=\"1200\" \/>\n\t<meta property=\"og:image:height\" content=\"675\" \/>\n\t<meta property=\"og:image:type\" content=\"image\/jpeg\" \/>\n<meta name=\"twitter:card\" content=\"summary_large_image\" \/>\n<script type=\"application\/ld+json\" class=\"yoast-schema-graph\">{\"@context\":\"https:\/\/schema.org\",\"@graph\":[{\"@type\":\"WebPage\",\"@id\":\"https:\/\/mediasolution.ca\/fr\/consultation-gratuite\/\",\"url\":\"https:\/\/mediasolution.ca\/fr\/consultation-gratuite\/\",\"name\":\"Consultation gratuite &#8212; Media Solution\",\"isPartOf\":{\"@id\":\"https:\/\/mediasolution.ca\/fr\/en\/#website\"},\"datePublished\":\"2024-06-22T23:09:21+00:00\",\"dateModified\":\"2025-09-25T18:10:43+00:00\",\"breadcrumb\":{\"@id\":\"https:\/\/mediasolution.ca\/fr\/consultation-gratuite\/#breadcrumb\"},\"inLanguage\":\"fr-CA\",\"potentialAction\":[{\"@type\":\"ReadAction\",\"target\":[\"https:\/\/mediasolution.ca\/fr\/consultation-gratuite\/\"]}]},{\"@type\":\"BreadcrumbList\",\"@id\":\"https:\/\/mediasolution.ca\/fr\/consultation-gratuite\/#breadcrumb\",\"itemListElement\":[{\"@type\":\"ListItem\",\"position\":1,\"name\":\"Home\",\"item\":\"https:\/\/mediasolution.ca\/fr\/accueil\/\"},{\"@type\":\"ListItem\",\"position\":2,\"name\":\"Consultation gratuite\"}]},{\"@type\":\"WebSite\",\"@id\":\"https:\/\/mediasolution.ca\/fr\/en\/#website\",\"url\":\"https:\/\/mediasolution.ca\/fr\/en\/\",\"name\":\"Media Solution\",\"description\":\"Real Estate Photography | Montreal and Laval\",\"publisher\":{\"@id\":\"https:\/\/mediasolution.ca\/fr\/en\/#organization\"},\"potentialAction\":[{\"@type\":\"SearchAction\",\"target\":{\"@type\":\"EntryPoint\",\"urlTemplate\":\"https:\/\/mediasolution.ca\/fr\/en\/?s={search_term_string}\"},\"query-input\":{\"@type\":\"PropertyValueSpecification\",\"valueRequired\":true,\"valueName\":\"search_term_string\"}}],\"inLanguage\":\"fr-CA\"},{\"@type\":\"Organization\",\"@id\":\"https:\/\/mediasolution.ca\/fr\/en\/#organization\",\"name\":\"Media Solution\",\"url\":\"https:\/\/mediasolution.ca\/fr\/en\/\",\"logo\":{\"@type\":\"ImageObject\",\"inLanguage\":\"fr-CA\",\"@id\":\"https:\/\/mediasolution.ca\/fr\/en\/#\/schema\/logo\/image\/\",\"url\":\"https:\/\/mediasolution.ca\/wp-content\/uploads\/2024\/12\/mediasolution-logo.png\",\"contentUrl\":\"https:\/\/mediasolution.ca\/wp-content\/uploads\/2024\/12\/mediasolution-logo.png\",\"width\":800,\"height\":228,\"caption\":\"Media Solution\"},\"image\":{\"@id\":\"https:\/\/mediasolution.ca\/fr\/en\/#\/schema\/logo\/image\/\"},\"sameAs\":[\"https:\/\/www.facebook.com\/people\/Media-Solution\/61551895793863\/\",\"https:\/\/instagram.com\/mediasolution.ca\"],\"email\":\"info@mediasolution.ca\",\"telephone\":\"514-839-2473\",\"legalName\":\"MediaSolution\"}]}<\/script>\n<!-- \/ Yoast SEO Premium plugin. -->","yoast_head_json":{"title":"Consultation gratuite &#8212; Media Solution","robots":{"index":"index","follow":"follow","max-snippet":"max-snippet:-1","max-image-preview":"max-image-preview:large","max-video-preview":"max-video-preview:-1"},"canonical":"https:\/\/mediasolution.ca\/fr\/consultation-gratuite\/","og_locale":"fr_CA","og_type":"article","og_title":"Consultation gratuite","og_description":"Prenez un rendez-vous afin de planifier votre session photo Contactez-nous Nos experts sont pr\u00eats \u00e0 discuter de vos besoins et \u00e0 adapter nos services pour vous offrir la meilleure exp\u00e9rience visuelle possible.Coordonn\u00e9es (514) 839-2473 info@mediasolution.caAdresse 38 Rue Notre Dame O Suite 201 Montr\u00e9al, QC H2Y 1S6Horaire Lundi-Vendredi 9h - 17h Samedi-Dimanche 10h - 18h","og_url":"https:\/\/mediasolution.ca\/fr\/consultation-gratuite\/","og_site_name":"Media Solution","article_publisher":"https:\/\/www.facebook.com\/people\/Media-Solution\/61551895793863\/","article_modified_time":"2025-09-25T18:10:43+00:00","og_image":[{"width":1200,"height":675,"url":"https:\/\/mediasolution.ca\/wp-content\/uploads\/2024\/12\/mediasolution-site-image.jpg","type":"image\/jpeg"}],"twitter_card":"summary_large_image","schema":{"@context":"https:\/\/schema.org","@graph":[{"@type":"WebPage","@id":"https:\/\/mediasolution.ca\/fr\/consultation-gratuite\/","url":"https:\/\/mediasolution.ca\/fr\/consultation-gratuite\/","name":"Consultation gratuite &#8212; Media Solution","isPartOf":{"@id":"https:\/\/mediasolution.ca\/fr\/en\/#website"},"datePublished":"2024-06-22T23:09:21+00:00","dateModified":"2025-09-25T18:10:43+00:00","breadcrumb":{"@id":"https:\/\/mediasolution.ca\/fr\/consultation-gratuite\/#breadcrumb"},"inLanguage":"fr-CA","potentialAction":[{"@type":"ReadAction","target":["https:\/\/mediasolution.ca\/fr\/consultation-gratuite\/"]}]},{"@type":"BreadcrumbList","@id":"https:\/\/mediasolution.ca\/fr\/consultation-gratuite\/#breadcrumb","itemListElement":[{"@type":"ListItem","position":1,"name":"Home","item":"https:\/\/mediasolution.ca\/fr\/accueil\/"},{"@type":"ListItem","position":2,"name":"Consultation gratuite"}]},{"@type":"WebSite","@id":"https:\/\/mediasolution.ca\/fr\/en\/#website","url":"https:\/\/mediasolution.ca\/fr\/en\/","name":"Media Solution","description":"Real Estate Photography | Montreal and Laval","publisher":{"@id":"https:\/\/mediasolution.ca\/fr\/en\/#organization"},"potentialAction":[{"@type":"SearchAction","target":{"@type":"EntryPoint","urlTemplate":"https:\/\/mediasolution.ca\/fr\/en\/?s={search_term_string}"},"query-input":{"@type":"PropertyValueSpecification","valueRequired":true,"valueName":"search_term_string"}}],"inLanguage":"fr-CA"},{"@type":"Organization","@id":"https:\/\/mediasolution.ca\/fr\/en\/#organization","name":"Media Solution","url":"https:\/\/mediasolution.ca\/fr\/en\/","logo":{"@type":"ImageObject","inLanguage":"fr-CA","@id":"https:\/\/mediasolution.ca\/fr\/en\/#\/schema\/logo\/image\/","url":"https:\/\/mediasolution.ca\/wp-content\/uploads\/2024\/12\/mediasolution-logo.png","contentUrl":"https:\/\/mediasolution.ca\/wp-content\/uploads\/2024\/12\/mediasolution-logo.png","width":800,"height":228,"caption":"Media Solution"},"image":{"@id":"https:\/\/mediasolution.ca\/fr\/en\/#\/schema\/logo\/image\/"},"sameAs":["https:\/\/www.facebook.com\/people\/Media-Solution\/61551895793863\/","https:\/\/instagram.com\/mediasolution.ca"],"email":"info@mediasolution.ca","telephone":"514-839-2473","legalName":"MediaSolution"}]}},"jetpack_sharing_enabled":true,"_links":{"self":[{"href":"https:\/\/mediasolution.ca\/fr\/wp-json\/wp\/v2\/pages\/6173","targetHints":{"allow":["GET"]}}],"collection":[{"href":"https:\/\/mediasolution.ca\/fr\/wp-json\/wp\/v2\/pages"}],"about":[{"href":"https:\/\/mediasolution.ca\/fr\/wp-json\/wp\/v2\/types\/page"}],"author":[{"embeddable":true,"href":"https:\/\/mediasolution.ca\/fr\/wp-json\/wp\/v2\/users\/7"}],"replies":[{"embeddable":true,"href":"https:\/\/mediasolution.ca\/fr\/wp-json\/wp\/v2\/comments?post=6173"}],"version-history":[{"count":0,"href":"https:\/\/mediasolution.ca\/fr\/wp-json\/wp\/v2\/pages\/6173\/revisions"}],"wp:attachment":[{"href":"https:\/\/mediasolution.ca\/fr\/wp-json\/wp\/v2\/media?parent=6173"}],"curies":[{"name":"wp","href":"https:\/\/api.w.org\/{rel}","templated":true}]}}