{"id":6278,"date":"2025-09-24T17:01:54","date_gmt":"2025-09-24T17:01:54","guid":{"rendered":"https:\/\/mediasolution.ca\/?page_id=6278"},"modified":"2025-09-25T18:08:31","modified_gmt":"2025-09-25T18:08:31","slug":"a-propos","status":"publish","type":"page","link":"https:\/\/mediasolution.ca\/fr\/a-propos\/","title":{"rendered":"\u00c0 propos"},"content":{"rendered":"<div id=\"cs-content\" class=\"cs-content\"><div class=\"x-section e6278-e1 m4ue-0 m4ue-1 m4ue-2\"><div class=\"x-div e6278-e2 m4ue-8\"><div class=\"x-bg\" aria-hidden=\"true\"><div class=\"x-bg-layer-lower-image\"><\/div><div class=\"x-bg-layer-upper-color\"><\/div><\/div><hr class=\"x-line e6278-e3-v0 m4ue-9 m4ue-a\"\/><div class=\"x-text x-text-headline e6278-e4 m4ue-e m4ue-f m4ue-g m4ue-h m4ue-i\"><div class=\"x-text-content\"><div class=\"x-text-content-text\"><h1 class=\"x-text-content-text-primary\">\u00c0 propos de Media Solution<\/h1>\n<\/div><\/div><\/div><\/div><\/div><div class=\"x-section e6278-e9 m4ue-0 m4ue-2 m4ue-3 m4ue-4\"><div class=\"x-row x-container max width e6278-e10 m4ue-p m4ue-q m4ue-r m4ue-v m4ue-w\"><div class=\"x-row-inner\"><div class=\"x-col e6278-e11 m4ue-12 m4ue-13 m4ue-14\"><blockquote class=\"x-quote e6278-e12 m4ue-17\"><div class=\"x-quote-content\"><div class=\"x-quote-text\"><p>Au fil des ann\u00e9es, nous avons relev\u00e9 des d\u00e9fis inattendus, men\u00e9 des projets ambitieux et repouss\u00e9 les limites de notre cr\u00e9ativit\u00e9. Mais s\u2019il y a une chose qui nous a toujours guid\u00e9s, c\u2019est notre engagement \u00e0 faire les choses avec sens, rigueur\u2026 et c\u0153ur.<\/p>\n<p>Chez M\u00e9dia Solution, l\u2019humain est au centre de tout ce que nous faisons. Derri\u00e8re chaque image, chaque vid\u00e9o, chaque mandat livr\u00e9, il y a une rencontre, une \u00e9coute attentive et un \u00e9change sinc\u00e8re. Nous croyons que la force d\u2019une entreprise ne se mesure pas uniquement \u00e0 sa performance, mais \u00e0 sa capacit\u00e9 \u00e0 cr\u00e9er des liens durables et authentiques.<\/p>\n<p>Les obstacles ne nous ont pas ralentis \u2014 au contraire, ils ont affin\u00e9 notre vision. Ils nous ont appris que le d\u00e9tail compte \u2014 non seulement dans le cadrage ou la lumi\u00e8re, mais aussi dans la mani\u00e8re dont nous accompagnons nos clients, dont nous b\u00e2tissons des relations de confiance et dont nous transformons chaque mandat en une exp\u00e9rience unique.<\/p>\n<\/div><footer class=\"x-quote-cite\"><span class=\"x-quote-cite-text\">Dragon Chan, Pr\u00e9sident<\/span><\/footer><\/div><\/blockquote><\/div><\/div><\/div><\/div><div class=\"x-section e6278-e13 m4ue-0 m4ue-2 m4ue-3 m4ue-5\"><div class=\"x-row x-container max width e6278-e14 m4ue-p m4ue-q m4ue-r m4ue-v m4ue-x\"><div class=\"x-row-inner\"><div class=\"x-col e6278-e15 m4ue-12 m4ue-14 m4ue-15\"><div class=\"x-text x-text-headline e6278-e16 m4ue-f m4ue-g m4ue-h m4ue-l m4ue-m ondark\"><div class=\"x-text-content\"><div class=\"x-text-content-text\"><h2 class=\"x-text-content-text-primary\">Rencontrez notre <span class=\"rectangle\">\u00e9quipe<\/span><\/h2>\n<\/div><\/div><\/div><hr class=\"x-line e6278-e17 m4ue-a m4ue-c\"\/><div class=\"x-grid e6278-e18 m4ue-18\"><div class=\"x-cell e6278-e19 m4ue-19\"><span class=\"x-image e6278-e20 m4ue-1a\"><img decoding=\"async\" src=\"https:\/\/mediasolution.ca\/wp-content\/uploads\/2025\/09\/mediasolution_dragon-chan.jpg\" width=\"800\" height=\"600\" alt=\"Image\" loading=\"lazy\"><\/span><hr class=\"x-line e6278-e21 m4ue-a m4ue-d\"\/><div class=\"x-text x-text-headline e6278-e22 m4ue-f m4ue-g m4ue-k m4ue-n\"><div class=\"x-text-content\"><div class=\"x-text-content-text\"><h3 class=\"x-text-content-text-primary\">Dragon<\/h3>\n<span class=\"x-text-content-text-subheadline\">Pr\u00e9sident<\/span><\/div><\/div><\/div><hr class=\"x-line e6278-e23 m4ue-a m4ue-d\"\/><div class=\"x-text x-content e6278-e24 m4ue-1b m4ue-1c\">Je tiens \u00e0 remercier chaque membre de notre \u00e9quipe, nos collaborateurs, partenaires et clients pour leur engagement, leur fid\u00e9lit\u00e9 et leur confiance. Ce que nous construisons ensemble va bien au-del\u00e0 des images: nous racontons des histoires, nous r\u00e9v\u00e9lons des espaces et nous valorisons chaque projet.<\/div><\/div><div class=\"x-cell e6278-e19 m4ue-19\"><span class=\"x-image e6278-e20 m4ue-1a\"><img decoding=\"async\" src=\"https:\/\/mediasolution.ca\/wp-content\/uploads\/2025\/09\/mediasolution_daniel-lezmy.jpg\" width=\"800\" height=\"600\" alt=\"Image\" loading=\"lazy\"><\/span><hr class=\"x-line e6278-e21 m4ue-a m4ue-d\"\/><div class=\"x-text x-text-headline e6278-e22 m4ue-f m4ue-g m4ue-k m4ue-n\"><div class=\"x-text-content\"><div class=\"x-text-content-text\"><h3 class=\"x-text-content-text-primary\">Daniel<\/h3>\n<span class=\"x-text-content-text-subheadline\">Technicien \u00e0 la photographie<\/span><\/div><\/div><\/div><hr class=\"x-line e6278-e23 m4ue-a m4ue-d\"\/><div class=\"x-text x-content e6278-e24 m4ue-1b m4ue-1c\">Daniel, un photographe multidisciplinaire dot\u00e9 d\u2019une sensibilit\u00e9 unique aux espaces et d\u2019un \u0153il aff\u00fbt\u00e9 pour les d\u00e9tails.<br \/>\r\nSa rapidit\u00e9 d\u2019apprentissage lui permet de s\u2019adapter facilement \u00e0 toutes les situations, ce qui en fait un atout pr\u00e9cieux pour nos projets.<br \/>\r\nPassionn\u00e9 de musique, Daniel puise dans sa riche culture artistique pour insuffler une dimension cr\u00e9ative et harmonieuse \u00e0 la photographie immobili\u00e8re.<\/div><\/div><div class=\"x-cell e6278-e19 m4ue-19\"><span class=\"x-image e6278-e20 m4ue-1a\"><img decoding=\"async\" src=\"https:\/\/mediasolution.ca\/wp-content\/uploads\/2025\/09\/mediasolution_sepehr-sajjadieh.jpg\" width=\"800\" height=\"600\" alt=\"Image\" loading=\"lazy\"><\/span><hr class=\"x-line e6278-e21 m4ue-a m4ue-d\"\/><div class=\"x-text x-text-headline e6278-e22 m4ue-f m4ue-g m4ue-k m4ue-n\"><div class=\"x-text-content\"><div class=\"x-text-content-text\"><h3 class=\"x-text-content-text-primary\">Sepehrs<\/h3>\n<span class=\"x-text-content-text-subheadline\">Technicien \u00e0 la photographie<\/span><\/div><\/div><\/div><hr class=\"x-line e6278-e23 m4ue-a m4ue-d\"\/><div class=\"x-text x-content e6278-e24 m4ue-1b m4ue-1c\">Nous sommes ravis d\u2019accueillir Sepehr au sein de notre \u00e9quipe. Passionn\u00e9 par l\u2019image et dot\u00e9 d\u2019un \u0153il aiguis\u00e9 pour la mise en valeur des espaces, il apporte avec lui une expertise pr\u00e9cieuse en photographie immobili\u00e8re et en captation 3D. Avec une approche \u00e0 la fois artistique et technique, Sepehr sait capturer l\u2019essence de chaque propri\u00e9t\u00e9 pour cr\u00e9er des visuels percutants qui attirent et engagent les acheteurs potentiels. Que ce soit pour des condos urbains, des maisons familiales ou des projets neufs, Sepehr est pr\u00eat \u00e0 contribuer \u00e0 faire rayonner vos propri\u00e9t\u00e9s sous leur meilleur jour.<\/div><\/div><div class=\"x-cell e6278-e19 m4ue-19\"><span class=\"x-image e6278-e20 m4ue-1a\"><img decoding=\"async\" src=\"https:\/\/mediasolution.ca\/wp-content\/uploads\/2025\/09\/mediasolution_jester-photon.jpg\" width=\"800\" height=\"600\" alt=\"Image\" loading=\"lazy\"><\/span><hr class=\"x-line e6278-e21 m4ue-a m4ue-d\"\/><div class=\"x-text x-text-headline e6278-e22 m4ue-f m4ue-g m4ue-k m4ue-n\"><div class=\"x-text-content\"><div class=\"x-text-content-text\"><h3 class=\"x-text-content-text-primary\">Jester<\/h3>\n<span class=\"x-text-content-text-subheadline\">Cin\u00e9matographe<\/span><\/div><\/div><\/div><hr class=\"x-line e6278-e23 m4ue-a m4ue-d\"\/><div class=\"x-text x-content e6278-e24 m4ue-1b m4ue-1c\">Jester, notre cin\u00e9matographe au sens du d\u00e9tail exceptionnel et \u00e0 l\u2019\u0153il unique pour capter l\u2019essence de chaque espace.<br \/>\r\nSa polyvalence et sa cr\u00e9ativit\u00e9 font de lui un atout incontournable pour la r\u00e9alisation de nos projets visuels.<br \/>\r\nPassionn\u00e9 par l\u2019art graphique et l\u2019esth\u00e9tique visuelle, Jester insuffle \u00e0 chaque production une dimension cin\u00e9matographique qui magnifie chaque propri\u00e9t\u00e9.<\/div><\/div><div class=\"x-cell e6278-e19 m4ue-19\"><span class=\"x-image e6278-e20 m4ue-1a\"><img decoding=\"async\" src=\"https:\/\/mediasolution.ca\/wp-content\/uploads\/2025\/09\/mediasolution_ninja.jpg\" width=\"800\" height=\"600\" alt=\"Image\" loading=\"lazy\"><\/span><hr class=\"x-line e6278-e21 m4ue-a m4ue-d\"\/><div class=\"x-text x-text-headline e6278-e22 m4ue-f m4ue-g m4ue-k m4ue-n\"><div class=\"x-text-content\"><div class=\"x-text-content-text\"><h3 class=\"x-text-content-text-primary\">Ninja<\/h3>\n<span class=\"x-text-content-text-subheadline\">Vid\u00e9aste<\/span><\/div><\/div><\/div><hr class=\"x-line e6278-e23 m4ue-a m4ue-d\"\/><div class=\"x-text x-content e6278-e24 m4ue-1b m4ue-1c\">Un cr\u00e9ateur multidisciplinaire de la vid\u00e9ographie.Avec une approche agile et une expertise technique compl\u00e8te, Ninja combine les talents de vid\u00e9ographe, monteur de sc\u00e8ne, gaffer et pilote de drone certifi\u00e9. Sa force: s\u2019adapter \u00e0 tous les contextes \u2014 tournages en studio, en plein air ou en \u00e9v\u00e9nementiel \u2014 pour produire un contenu visuel dynamique, coh\u00e9rent et percutant.<\/div><\/div><div class=\"x-cell e6278-e19 m4ue-19\"><span class=\"x-image e6278-e20 m4ue-1a\"><img decoding=\"async\" src=\"https:\/\/mediasolution.ca\/wp-content\/uploads\/2025\/09\/mediasolution_andy-imbrogno.jpg\" width=\"800\" height=\"600\" alt=\"Image\" loading=\"lazy\"><\/span><hr class=\"x-line e6278-e21 m4ue-a m4ue-d\"\/><div class=\"x-text x-text-headline e6278-e22 m4ue-f m4ue-g m4ue-k m4ue-n\"><div class=\"x-text-content\"><div class=\"x-text-content-text\"><h3 class=\"x-text-content-text-primary\">Andy<\/h3>\n<span class=\"x-text-content-text-subheadline\">Technicien \u00e0 la photographie<\/span><\/div><\/div><\/div><hr class=\"x-line e6278-e23 m4ue-a m4ue-d\"\/><div class=\"x-text x-content e6278-e24 m4ue-1b m4ue-1c\">Andy se joint \u00e0 M\u00e9dia Solution avec une solide expertise en photographie de mode, o\u00f9 il excelle \u00e0 capturer la texture, les lignes et l\u2019essence m\u00eame des v\u00eatements. Dot\u00e9 d\u2019un \u0153il aiguis\u00e9 pour les d\u00e9tails et d\u2019un sens esth\u00e9tique raffin\u00e9, il transforme chaque s\u00e9ance photo en une mise en sc\u00e8ne soign\u00e9e, alliant cr\u00e9ativit\u00e9 et pr\u00e9cision technique. Sa capacit\u00e9 \u00e0 sublimer les mati\u00e8res, les poses et la lumi\u00e8re fait de lui un atout pr\u00e9cieux pour nos projets visuels les plus exigeants.<\/div><\/div><\/div><\/div><\/div><\/div><\/div><div class=\"x-section e6278-e25 m4ue-0 m4ue-3 m4ue-4 m4ue-6\" id=\"book\"><div class=\"x-row x-container max width e6278-e26 m4ue-p m4ue-r m4ue-s m4ue-v m4ue-y\"><div class=\"x-row-inner\"><div class=\"x-col e6278-e27 m4ue-14\"><div class=\"x-text x-text-headline e6278-e28 m4ue-f m4ue-g m4ue-h m4ue-i m4ue-l ondark\"><div class=\"x-text-content\"><div class=\"x-text-content-text\"><h2 class=\"x-text-content-text-primary\">R\u00e9servez une consultation <span class=\"rectangle\">gratuite<\/span><\/h2>\n<\/div><\/div><\/div><\/div><\/div><\/div><hr class=\"x-line e6278-e29 m4ue-a m4ue-d\"\/><div class=\"x-row x-container max width e6278-e30 m4ue-p m4ue-s m4ue-t m4ue-u m4ue-z m4ue-10\"><div class=\"x-row-inner\"><div class=\"x-col e6278-e31 m4ue-14 m4ue-16\"><div class=\"x-text x-content e6278-e32 m4ue-1b m4ue-1d\"><span>Un membre de notre \u00e9quipe vous contactera sous peu.<\/span><\/div><\/div><\/div><\/div><hr class=\"x-line e6278-e33 m4ue-a m4ue-b\"\/><div class=\"x-row x-container max width e6278-e34 m4ue-p m4ue-s m4ue-t m4ue-z m4ue-11\"><div class=\"x-row-inner\"><div class=\"x-col e6278-e35 m4ue-14\"><!-- D\u00e9but de widget en ligne Calendly -->\n<div class=\"calendly-inline-widget\" data-url=\"https:\/\/calendly.com\/mediasolution514\/consultation-generale?hide_gdpr_banner=1\" style=\"min-width:320px;height:700px;\"><\/div>\n<script type=\"text\/javascript\" src=\"https:\/\/assets.calendly.com\/assets\/external\/widget.js\" async><\/script>\n<!-- Fin de widget en ligne Calendly --><\/div><\/div><\/div><\/div><\/div>","protected":false},"excerpt":{"rendered":"<p>\u00c0 propos de Media Solution Au fil des ann\u00e9es, nous avons relev\u00e9 des d\u00e9fis inattendus, men\u00e9 des projets ambitieux et repouss\u00e9 les limites de notre cr\u00e9ativit\u00e9. Mais s\u2019il y a une chose qui nous a toujours guid\u00e9s, c\u2019est notre engagement \u00e0 faire les choses avec sens, rigueur\u2026 et c\u0153ur. Chez M\u00e9dia Solution, l\u2019humain est au centre de tout ce que &#8230; <\/p>\n<div><a href=\"https:\/\/mediasolution.ca\/fr\/a-propos\/\" class=\"more-link\">Read More<\/a><\/div>\n","protected":false},"author":7,"featured_media":0,"parent":0,"menu_order":0,"comment_status":"closed","ping_status":"closed","template":"template-blank-4.php","meta":{"_acf_changed":true,"footnotes":""},"class_list":["post-6278","page","type-page","status-publish","hentry","no-post-thumbnail"],"acf":[],"yoast_head":"<!-- This site is optimized with the Yoast SEO Premium plugin v27.2 (Yoast SEO v27.2) - https:\/\/yoast.com\/product\/yoast-seo-premium-wordpress\/ -->\n<title>\u00c0 propos &#8212; Media Solution<\/title>\n<meta name=\"robots\" content=\"index, follow, max-snippet:-1, max-image-preview:large, max-video-preview:-1\" \/>\n<link rel=\"canonical\" href=\"https:\/\/mediasolution.ca\/fr\/a-propos\/\" \/>\n<meta property=\"og:locale\" content=\"fr_CA\" \/>\n<meta property=\"og:type\" content=\"article\" \/>\n<meta property=\"og:title\" content=\"\u00c0 propos\" \/>\n<meta property=\"og:description\" content=\"\u00c0 propos de Media Solution Au fil des ann\u00e9es, nous avons relev\u00e9 des d\u00e9fis inattendus, men\u00e9 des projets ambitieux et repouss\u00e9 les limites de notre cr\u00e9ativit\u00e9. Mais s\u2019il y a une chose qui nous a toujours guid\u00e9s, c\u2019est notre engagement \u00e0 faire les choses avec sens, rigueur\u2026 et c\u0153ur. Chez M\u00e9dia Solution, l\u2019humain est au centre de tout ce que ... Read More\" \/>\n<meta property=\"og:url\" content=\"https:\/\/mediasolution.ca\/fr\/a-propos\/\" \/>\n<meta property=\"og:site_name\" content=\"Media Solution\" \/>\n<meta property=\"article:publisher\" content=\"https:\/\/www.facebook.com\/people\/Media-Solution\/61551895793863\/\" \/>\n<meta property=\"article:modified_time\" content=\"2025-09-25T18:08:31+00:00\" \/>\n<meta property=\"og:image\" content=\"https:\/\/mediasolution.ca\/wp-content\/uploads\/2025\/09\/mediasolution_dragon-chan.jpg\" \/>\n<meta name=\"twitter:card\" content=\"summary_large_image\" \/>\n<script type=\"application\/ld+json\" class=\"yoast-schema-graph\">{\"@context\":\"https:\/\/schema.org\",\"@graph\":[{\"@type\":\"WebPage\",\"@id\":\"https:\/\/mediasolution.ca\/fr\/a-propos\/\",\"url\":\"https:\/\/mediasolution.ca\/fr\/a-propos\/\",\"name\":\"\u00c0 propos &#8212; Media Solution\",\"isPartOf\":{\"@id\":\"https:\/\/mediasolution.ca\/fr\/en\/#website\"},\"primaryImageOfPage\":{\"@id\":\"https:\/\/mediasolution.ca\/fr\/a-propos\/#primaryimage\"},\"image\":{\"@id\":\"https:\/\/mediasolution.ca\/fr\/a-propos\/#primaryimage\"},\"thumbnailUrl\":\"https:\/\/mediasolution.ca\/wp-content\/uploads\/2025\/09\/mediasolution_dragon-chan.jpg\",\"datePublished\":\"2025-09-24T17:01:54+00:00\",\"dateModified\":\"2025-09-25T18:08:31+00:00\",\"breadcrumb\":{\"@id\":\"https:\/\/mediasolution.ca\/fr\/a-propos\/#breadcrumb\"},\"inLanguage\":\"fr-CA\",\"potentialAction\":[{\"@type\":\"ReadAction\",\"target\":[\"https:\/\/mediasolution.ca\/fr\/a-propos\/\"]}]},{\"@type\":\"ImageObject\",\"inLanguage\":\"fr-CA\",\"@id\":\"https:\/\/mediasolution.ca\/fr\/a-propos\/#primaryimage\",\"url\":\"https:\/\/mediasolution.ca\/wp-content\/uploads\/2025\/09\/mediasolution_dragon-chan.jpg\",\"contentUrl\":\"https:\/\/mediasolution.ca\/wp-content\/uploads\/2025\/09\/mediasolution_dragon-chan.jpg\"},{\"@type\":\"BreadcrumbList\",\"@id\":\"https:\/\/mediasolution.ca\/fr\/a-propos\/#breadcrumb\",\"itemListElement\":[{\"@type\":\"ListItem\",\"position\":1,\"name\":\"Home\",\"item\":\"https:\/\/mediasolution.ca\/fr\/accueil\/\"},{\"@type\":\"ListItem\",\"position\":2,\"name\":\"\u00c0 propos\"}]},{\"@type\":\"WebSite\",\"@id\":\"https:\/\/mediasolution.ca\/fr\/en\/#website\",\"url\":\"https:\/\/mediasolution.ca\/fr\/en\/\",\"name\":\"Media Solution\",\"description\":\"Real Estate Photography | Montreal and Laval\",\"publisher\":{\"@id\":\"https:\/\/mediasolution.ca\/fr\/en\/#organization\"},\"potentialAction\":[{\"@type\":\"SearchAction\",\"target\":{\"@type\":\"EntryPoint\",\"urlTemplate\":\"https:\/\/mediasolution.ca\/fr\/en\/?s={search_term_string}\"},\"query-input\":{\"@type\":\"PropertyValueSpecification\",\"valueRequired\":true,\"valueName\":\"search_term_string\"}}],\"inLanguage\":\"fr-CA\"},{\"@type\":\"Organization\",\"@id\":\"https:\/\/mediasolution.ca\/fr\/en\/#organization\",\"name\":\"Media Solution\",\"url\":\"https:\/\/mediasolution.ca\/fr\/en\/\",\"logo\":{\"@type\":\"ImageObject\",\"inLanguage\":\"fr-CA\",\"@id\":\"https:\/\/mediasolution.ca\/fr\/en\/#\/schema\/logo\/image\/\",\"url\":\"https:\/\/mediasolution.ca\/wp-content\/uploads\/2024\/12\/mediasolution-logo.png\",\"contentUrl\":\"https:\/\/mediasolution.ca\/wp-content\/uploads\/2024\/12\/mediasolution-logo.png\",\"width\":800,\"height\":228,\"caption\":\"Media Solution\"},\"image\":{\"@id\":\"https:\/\/mediasolution.ca\/fr\/en\/#\/schema\/logo\/image\/\"},\"sameAs\":[\"https:\/\/www.facebook.com\/people\/Media-Solution\/61551895793863\/\",\"https:\/\/instagram.com\/mediasolution.ca\"],\"email\":\"info@mediasolution.ca\",\"telephone\":\"514-839-2473\",\"legalName\":\"MediaSolution\"}]}<\/script>\n<!-- \/ Yoast SEO Premium plugin. -->","yoast_head_json":{"title":"\u00c0 propos &#8212; Media Solution","robots":{"index":"index","follow":"follow","max-snippet":"max-snippet:-1","max-image-preview":"max-image-preview:large","max-video-preview":"max-video-preview:-1"},"canonical":"https:\/\/mediasolution.ca\/fr\/a-propos\/","og_locale":"fr_CA","og_type":"article","og_title":"\u00c0 propos","og_description":"\u00c0 propos de Media Solution Au fil des ann\u00e9es, nous avons relev\u00e9 des d\u00e9fis inattendus, men\u00e9 des projets ambitieux et repouss\u00e9 les limites de notre cr\u00e9ativit\u00e9. Mais s\u2019il y a une chose qui nous a toujours guid\u00e9s, c\u2019est notre engagement \u00e0 faire les choses avec sens, rigueur\u2026 et c\u0153ur. Chez M\u00e9dia Solution, l\u2019humain est au centre de tout ce que ... Read More","og_url":"https:\/\/mediasolution.ca\/fr\/a-propos\/","og_site_name":"Media Solution","article_publisher":"https:\/\/www.facebook.com\/people\/Media-Solution\/61551895793863\/","article_modified_time":"2025-09-25T18:08:31+00:00","og_image":[{"url":"https:\/\/mediasolution.ca\/wp-content\/uploads\/2025\/09\/mediasolution_dragon-chan.jpg","type":"","width":"","height":""}],"twitter_card":"summary_large_image","schema":{"@context":"https:\/\/schema.org","@graph":[{"@type":"WebPage","@id":"https:\/\/mediasolution.ca\/fr\/a-propos\/","url":"https:\/\/mediasolution.ca\/fr\/a-propos\/","name":"\u00c0 propos &#8212; Media Solution","isPartOf":{"@id":"https:\/\/mediasolution.ca\/fr\/en\/#website"},"primaryImageOfPage":{"@id":"https:\/\/mediasolution.ca\/fr\/a-propos\/#primaryimage"},"image":{"@id":"https:\/\/mediasolution.ca\/fr\/a-propos\/#primaryimage"},"thumbnailUrl":"https:\/\/mediasolution.ca\/wp-content\/uploads\/2025\/09\/mediasolution_dragon-chan.jpg","datePublished":"2025-09-24T17:01:54+00:00","dateModified":"2025-09-25T18:08:31+00:00","breadcrumb":{"@id":"https:\/\/mediasolution.ca\/fr\/a-propos\/#breadcrumb"},"inLanguage":"fr-CA","potentialAction":[{"@type":"ReadAction","target":["https:\/\/mediasolution.ca\/fr\/a-propos\/"]}]},{"@type":"ImageObject","inLanguage":"fr-CA","@id":"https:\/\/mediasolution.ca\/fr\/a-propos\/#primaryimage","url":"https:\/\/mediasolution.ca\/wp-content\/uploads\/2025\/09\/mediasolution_dragon-chan.jpg","contentUrl":"https:\/\/mediasolution.ca\/wp-content\/uploads\/2025\/09\/mediasolution_dragon-chan.jpg"},{"@type":"BreadcrumbList","@id":"https:\/\/mediasolution.ca\/fr\/a-propos\/#breadcrumb","itemListElement":[{"@type":"ListItem","position":1,"name":"Home","item":"https:\/\/mediasolution.ca\/fr\/accueil\/"},{"@type":"ListItem","position":2,"name":"\u00c0 propos"}]},{"@type":"WebSite","@id":"https:\/\/mediasolution.ca\/fr\/en\/#website","url":"https:\/\/mediasolution.ca\/fr\/en\/","name":"Media Solution","description":"Real Estate Photography | Montreal and Laval","publisher":{"@id":"https:\/\/mediasolution.ca\/fr\/en\/#organization"},"potentialAction":[{"@type":"SearchAction","target":{"@type":"EntryPoint","urlTemplate":"https:\/\/mediasolution.ca\/fr\/en\/?s={search_term_string}"},"query-input":{"@type":"PropertyValueSpecification","valueRequired":true,"valueName":"search_term_string"}}],"inLanguage":"fr-CA"},{"@type":"Organization","@id":"https:\/\/mediasolution.ca\/fr\/en\/#organization","name":"Media Solution","url":"https:\/\/mediasolution.ca\/fr\/en\/","logo":{"@type":"ImageObject","inLanguage":"fr-CA","@id":"https:\/\/mediasolution.ca\/fr\/en\/#\/schema\/logo\/image\/","url":"https:\/\/mediasolution.ca\/wp-content\/uploads\/2024\/12\/mediasolution-logo.png","contentUrl":"https:\/\/mediasolution.ca\/wp-content\/uploads\/2024\/12\/mediasolution-logo.png","width":800,"height":228,"caption":"Media Solution"},"image":{"@id":"https:\/\/mediasolution.ca\/fr\/en\/#\/schema\/logo\/image\/"},"sameAs":["https:\/\/www.facebook.com\/people\/Media-Solution\/61551895793863\/","https:\/\/instagram.com\/mediasolution.ca"],"email":"info@mediasolution.ca","telephone":"514-839-2473","legalName":"MediaSolution"}]}},"jetpack_sharing_enabled":true,"_links":{"self":[{"href":"https:\/\/mediasolution.ca\/fr\/wp-json\/wp\/v2\/pages\/6278","targetHints":{"allow":["GET"]}}],"collection":[{"href":"https:\/\/mediasolution.ca\/fr\/wp-json\/wp\/v2\/pages"}],"about":[{"href":"https:\/\/mediasolution.ca\/fr\/wp-json\/wp\/v2\/types\/page"}],"author":[{"embeddable":true,"href":"https:\/\/mediasolution.ca\/fr\/wp-json\/wp\/v2\/users\/7"}],"replies":[{"embeddable":true,"href":"https:\/\/mediasolution.ca\/fr\/wp-json\/wp\/v2\/comments?post=6278"}],"version-history":[{"count":0,"href":"https:\/\/mediasolution.ca\/fr\/wp-json\/wp\/v2\/pages\/6278\/revisions"}],"wp:attachment":[{"href":"https:\/\/mediasolution.ca\/fr\/wp-json\/wp\/v2\/media?parent=6278"}],"curies":[{"name":"wp","href":"https:\/\/api.w.org\/{rel}","templated":true}]}}